{"id":72,"date":"2023-05-03T09:41:49","date_gmt":"2023-05-03T06:41:49","guid":{"rendered":"https:\/\/www.isikplastic.com\/?page_id=72"},"modified":"2023-05-03T12:32:52","modified_gmt":"2023-05-03T09:32:52","slug":"kalite-politikamiz","status":"publish","type":"page","link":"https:\/\/www.isikplastic.com\/tr\/kalite-politikamiz\/","title":{"rendered":"Kalite Politikam\u0131z"},"content":{"rendered":"<p><div class=\"fusion-fullwidth fullwidth-box fusion-builder-row-1 fusion-flex-container has-pattern-background has-mask-background fusion-parallax-none hundred-percent-fullwidth non-hundred-percent-height-scrolling\" style=\"--awb-border-radius-top-left:0px;--awb-border-radius-top-right:0px;--awb-border-radius-bottom-right:0px;--awb-border-radius-bottom-left:0px;--awb-min-height:400px;--awb-background-image:url(&quot;https:\/\/www.isikplastic.com\/wp-content\/uploads\/2023\/05\/kalite-slider-v2.jpg&quot;);--awb-background-size:cover;\" ><div class=\"fusion-builder-row fusion-row fusion-flex-align-items-stretch fusion-flex-align-content-space-evenly fusion-flex-justify-content-space-evenly\" style=\"width:104% !important;max-width:104% !important;margin-left: calc(-4% \/ 2 );margin-right: calc(-4% \/ 2 );\"><div class=\"fusion-layout-column fusion_builder_column fusion-builder-column-0 fusion_builder_column_1_1 1_1 fusion-flex-column\" style=\"--awb-bg-size:cover;--awb-width-large:100%;--awb-margin-top-large:0px;--awb-spacing-right-large:1.92%;--awb-margin-bottom-large:20px;--awb-spacing-left-large:1.92%;--awb-width-medium:100%;--awb-order-medium:0;--awb-spacing-right-medium:1.92%;--awb-spacing-left-medium:1.92%;--awb-width-small:100%;--awb-order-small:0;--awb-spacing-right-small:1.92%;--awb-spacing-left-small:1.92%;\"><div class=\"fusion-column-wrapper fusion-column-has-shadow fusion-flex-justify-content-flex-start fusion-content-layout-column\"><div class=\"fusion-title title fusion-title-1 fusion-title-center fusion-title-text fusion-title-size-one\" style=\"--awb-text-color:var(--awb-color1);\"><div class=\"title-sep-container title-sep-container-left\"><div class=\"title-sep sep- sep-solid\" style=\"border-color:#e0dede;\"><\/div><\/div><span class=\"awb-title-spacer\"><\/span><h1 class=\"title-heading-center\" style=\"margin:0;\">KAL\u0130TE POL\u0130T\u0130KAMIZ<\/h1><span class=\"awb-title-spacer\"><\/span><div class=\"title-sep-container title-sep-container-right\"><div class=\"title-sep sep- sep-solid\" style=\"border-color:#e0dede;\"><\/div><\/div><\/div><div class=\"fusion-separator\" style=\"align-self: center;margin-left: auto;margin-right: auto;margin-top:10px;margin-bottom:30px;width:100%;max-width:20%;\"><div class=\"fusion-separator-border sep-single sep-solid\" style=\"--awb-height:20px;--awb-amount:20px;border-color:#e0dede;border-top-width:1px;\"><\/div><\/div><div class=\"fusion-text fusion-text-1\" style=\"--awb-text-color:var(--awb-color1);\"><p style=\"text-align: center;\">ISO 9001:2015 y\u00f6netim sistemi standartlar\u0131n\u0131 organizasyonumuzun her kademesinde tutarl\u0131 bir \u015fekilde uyguluyoruz.<\/p>\n<\/div><\/div><\/div><\/div><\/div><div class=\"fusion-fullwidth fullwidth-box fusion-builder-row-2 fusion-flex-container nonhundred-percent-fullwidth non-hundred-percent-height-scrolling\" style=\"--awb-background-position:left top;--awb-border-sizes-top:0px;--awb-border-sizes-bottom:0px;--awb-border-sizes-left:0px;--awb-border-sizes-right:0px;--awb-border-radius-top-left:0px;--awb-border-radius-top-right:0px;--awb-border-radius-bottom-right:0px;--awb-border-radius-bottom-left:0px;--awb-padding-top:110px;--awb-padding-bottom:80px;--awb-padding-top-medium:72px;--awb-padding-bottom-medium:60px;--awb-padding-bottom-small:48px;\" ><div class=\"fusion-builder-row fusion-row fusion-flex-align-items-flex-start\" style=\"max-width:1216.8px;margin-left: calc(-4% \/ 2 );margin-right: calc(-4% \/ 2 );\"><div class=\"fusion-layout-column fusion_builder_column fusion-builder-column-1 fusion_builder_column_1_1 1_1 fusion-flex-column fusion-flex-align-self-flex-start fusion-column-no-min-height\" style=\"--awb-bg-size:cover;--awb-width-large:100%;--awb-margin-top-large:0px;--awb-spacing-right-large:1.92%;--awb-margin-bottom-large:0px;--awb-spacing-left-large:1.92%;--awb-width-medium:100%;--awb-order-medium:0;--awb-spacing-right-medium:1.92%;--awb-spacing-left-medium:1.92%;--awb-width-small:100%;--awb-order-small:0;--awb-spacing-right-small:1.92%;--awb-spacing-left-small:1.92%;\"><div class=\"fusion-column-wrapper fusion-column-has-shadow fusion-flex-justify-content-flex-start fusion-content-layout-column\"><div class=\"fusion-separator fusion-full-width-sep\" style=\"align-self: center;margin-left: auto;margin-right: auto;margin-top:0px;margin-bottom:0px;width:100%;\"><div class=\"fusion-separator-border sep-single sep-solid\" style=\"--awb-height:20px;--awb-amount:20px;--awb-sep-color:#17377a;border-color:#17377a;border-top-width:5px;\"><\/div><\/div><\/div><\/div><div class=\"fusion-layout-column fusion_builder_column fusion-builder-column-2 fusion_builder_column_1_1 1_1 fusion-flex-column rounded-border\" style=\"--awb-padding-top:40px;--awb-padding-right:60px;--awb-padding-bottom:40px;--awb-padding-left:60px;--awb-bg-color:#ffffff;--awb-bg-color-hover:#ffffff;--awb-bg-size:cover;--awb-border-color:#e2e2e2;--awb-border-top:1px;--awb-border-right:1px;--awb-border-bottom:1px;--awb-border-left:1px;--awb-border-style:solid;--awb-width-large:100%;--awb-margin-top-large:0px;--awb-spacing-right-large:1.92%;--awb-margin-bottom-large:40px;--awb-spacing-left-large:1.92%;--awb-width-medium:100%;--awb-spacing-right-medium:1.92%;--awb-spacing-left-medium:1.92%;--awb-width-small:100%;--awb-spacing-right-small:1.92%;--awb-spacing-left-small:1.92%;\"><div class=\"fusion-column-wrapper fusion-flex-justify-content-flex-start fusion-content-layout-column\"><div class=\"fusion-text fusion-text-2\"><div class=\"\"><span class=\"\">I\u015f\u0131k Plastik insan sa\u011fl\u0131\u011f\u0131na, hijyene ve kaliteye azami \u00f6zen g\u00f6stermektedir.<\/span><\/div>\n<div class=\"\"><span class=\"\"><br class=\"\" \/>I\u015f\u0131k Plastik, m\u00fc\u015fterilerine kusursuz, yasal mevzuat gerekliliklerine uygun, uluslararas\u0131 standartlarda ve m\u00fc\u015fteri beklentilerinin bilinciyle hizmet vermektedir.<\/span><\/div>\n<div class=\"\"><span class=\"\"><br class=\"\" \/>Bu hedefe ula\u015fmak i\u00e7in, m\u00fc\u015fteri taleplerini kar\u015f\u0131lamak i\u00e7in ISO 9001 kalite y\u00f6netim sistemi standartlar\u0131n\u0131 organizasyonumuzun her kademesinde uygulamak birinci \u00f6nceli\u011fimizdir.<\/span><\/div>\n<div class=\"\"><span class=\"\"><br class=\"\" \/>Kalite politikam\u0131z\u0131n genel amac\u0131, \u00e7al\u0131\u015fanlar\u0131m\u0131z, tedarik\u00e7ilerimiz ve m\u00fc\u015fterilerimiz aras\u0131nda sayg\u0131 ve g\u00fcven ba\u011f\u0131 olu\u015fturmakt\u0131r.\u00a0<\/span><\/div>\n<div class=\"\"><span class=\"\">Toplam kaliteye ula\u015fmak i\u00e7in, kalitemizi ve teknolojimizi s\u00fcrekli iyile\u015ftirme anlay\u0131\u015f\u0131m\u0131z do\u011frultusunda kalite\u00a0\u00f6nceli\u011fimizi ve etkinli\u011fini s\u00fcrd\u00fcrmek istiyoruz.<\/span><\/div>\n<\/div><\/div><\/div><\/div><\/div><div class=\"fusion-fullwidth fullwidth-box fusion-builder-row-3 fusion-flex-container nonhundred-percent-fullwidth non-hundred-percent-height-scrolling\" style=\"--awb-border-radius-top-left:0px;--awb-border-radius-top-right:0px;--awb-border-radius-bottom-right:0px;--awb-border-radius-bottom-left:0px;\" ><div class=\"fusion-builder-row fusion-row fusion-flex-align-items-flex-start\" style=\"max-width:1216.8px;margin-left: calc(-4% \/ 2 );margin-right: calc(-4% \/ 2 );\"><div class=\"fusion-layout-column fusion_builder_column fusion-builder-column-3 fusion_builder_column_1_1 1_1 fusion-flex-column\" style=\"--awb-bg-size:cover;--awb-width-large:100%;--awb-margin-top-large:0px;--awb-spacing-right-large:1.92%;--awb-margin-bottom-large:20px;--awb-spacing-left-large:1.92%;--awb-width-medium:100%;--awb-order-medium:0;--awb-spacing-right-medium:1.92%;--awb-spacing-left-medium:1.92%;--awb-width-small:100%;--awb-order-small:0;--awb-spacing-right-small:1.92%;--awb-spacing-left-small:1.92%;\"><div class=\"fusion-column-wrapper fusion-column-has-shadow fusion-flex-justify-content-flex-start fusion-content-layout-column\"><div class=\"fusion-title title fusion-title-2 fusion-title-center fusion-title-text fusion-title-size-two\"><div class=\"title-sep-container title-sep-container-left\"><div class=\"title-sep sep- sep-solid\" style=\"border-color:#e0dede;\"><\/div><\/div><span class=\"awb-title-spacer\"><\/span><h2 class=\"title-heading-center\" style=\"margin:0;\">SERT\u0130F\u0130KALAR<\/h2><span class=\"awb-title-spacer\"><\/span><div class=\"title-sep-container title-sep-container-right\"><div class=\"title-sep sep- sep-solid\" style=\"border-color:#e0dede;\"><\/div><\/div><\/div><div class=\"fusion-separator fusion-full-width-sep\" style=\"align-self: center;margin-left: auto;margin-right: auto;margin-top:30px;width:100%;\"><\/div><\/div><\/div><div class=\"fusion-layout-column fusion_builder_column fusion-builder-column-4 fusion_builder_column_1_3 1_3 fusion-flex-column\" style=\"--awb-bg-size:cover;--awb-width-large:33.333333333333%;--awb-margin-top-large:0px;--awb-spacing-right-large:5.76%;--awb-margin-bottom-large:20px;--awb-spacing-left-large:5.76%;--awb-width-medium:100%;--awb-order-medium:0;--awb-spacing-right-medium:1.92%;--awb-spacing-left-medium:1.92%;--awb-width-small:100%;--awb-order-small:0;--awb-spacing-right-small:1.92%;--awb-spacing-left-small:1.92%;\"><div class=\"fusion-column-wrapper fusion-column-has-shadow fusion-flex-justify-content-flex-start fusion-content-layout-column\"><div class=\"fusion-image-element \" style=\"text-align:center;--awb-caption-title-font-family:var(--h2_typography-font-family);--awb-caption-title-font-weight:var(--h2_typography-font-weight);--awb-caption-title-font-style:var(--h2_typography-font-style);--awb-caption-title-size:var(--h2_typography-font-size);--awb-caption-title-transform:var(--h2_typography-text-transform);--awb-caption-title-line-height:var(--h2_typography-line-height);--awb-caption-title-letter-spacing:var(--h2_typography-letter-spacing);\"><span class=\" fusion-imageframe imageframe-none imageframe-1 hover-type-none\" class=\"image-magnify\" class=\"image-scroll\"><img decoding=\"async\" width=\"566\" height=\"800\" alt=\"ISO 9001\" title=\"Is\u0327ik-9001-Sertifika-R\" src=\"https:\/\/www.isikplastic.com\/wp-content\/uploads\/2023\/05\/Isik-9001-Sertifika-R.jpg\" class=\"img-responsive wp-image-108\" srcset=\"https:\/\/www.isikplastic.com\/wp-content\/uploads\/2023\/05\/Isik-9001-Sertifika-R-200x283.jpg 200w, https:\/\/www.isikplastic.com\/wp-content\/uploads\/2023\/05\/Isik-9001-Sertifika-R-400x565.jpg 400w, https:\/\/www.isikplastic.com\/wp-content\/uploads\/2023\/05\/Isik-9001-Sertifika-R.jpg 566w\" sizes=\"(max-width: 1024px) 100vw, (max-width: 850px) 100vw, 400px\" \/><\/span><\/div><\/div><\/div><div class=\"fusion-layout-column fusion_builder_column fusion-builder-column-5 fusion_builder_column_1_3 1_3 fusion-flex-column\" style=\"--awb-bg-size:cover;--awb-width-large:33.333333333333%;--awb-margin-top-large:0px;--awb-spacing-right-large:5.76%;--awb-margin-bottom-large:20px;--awb-spacing-left-large:5.76%;--awb-width-medium:100%;--awb-order-medium:0;--awb-spacing-right-medium:1.92%;--awb-spacing-left-medium:1.92%;--awb-width-small:100%;--awb-order-small:0;--awb-spacing-right-small:1.92%;--awb-spacing-left-small:1.92%;\"><div class=\"fusion-column-wrapper fusion-column-has-shadow fusion-flex-justify-content-flex-start fusion-content-layout-column\"><div class=\"fusion-image-element \" style=\"text-align:center;--awb-caption-title-font-family:var(--h2_typography-font-family);--awb-caption-title-font-weight:var(--h2_typography-font-weight);--awb-caption-title-font-style:var(--h2_typography-font-style);--awb-caption-title-size:var(--h2_typography-font-size);--awb-caption-title-transform:var(--h2_typography-text-transform);--awb-caption-title-line-height:var(--h2_typography-line-height);--awb-caption-title-letter-spacing:var(--h2_typography-letter-spacing);\"><span class=\" fusion-imageframe imageframe-none imageframe-2 hover-type-none\" class=\"image-magnify\" class=\"image-scroll\"><img decoding=\"async\" width=\"566\" height=\"800\" alt=\"GMP Eng Cas\" title=\"IS\u0327IK-PLASTI\u0307K-GMP-ENG-CAS\" src=\"https:\/\/www.isikplastic.com\/wp-content\/uploads\/2023\/05\/ISIK-PLASTIK-GMP-ENG-CAS.jpg\" class=\"img-responsive wp-image-110\" srcset=\"https:\/\/www.isikplastic.com\/wp-content\/uploads\/2023\/05\/ISIK-PLASTIK-GMP-ENG-CAS-200x283.jpg 200w, https:\/\/www.isikplastic.com\/wp-content\/uploads\/2023\/05\/ISIK-PLASTIK-GMP-ENG-CAS-400x565.jpg 400w, https:\/\/www.isikplastic.com\/wp-content\/uploads\/2023\/05\/ISIK-PLASTIK-GMP-ENG-CAS.jpg 566w\" sizes=\"(max-width: 1024px) 100vw, (max-width: 850px) 100vw, 400px\" \/><\/span><\/div><\/div><\/div><div class=\"fusion-layout-column fusion_builder_column fusion-builder-column-6 fusion_builder_column_1_3 1_3 fusion-flex-column\" style=\"--awb-bg-size:cover;--awb-width-large:33.333333333333%;--awb-margin-top-large:0px;--awb-spacing-right-large:5.76%;--awb-margin-bottom-large:20px;--awb-spacing-left-large:5.76%;--awb-width-medium:100%;--awb-order-medium:0;--awb-spacing-right-medium:1.92%;--awb-spacing-left-medium:1.92%;--awb-width-small:100%;--awb-order-small:0;--awb-spacing-right-small:1.92%;--awb-spacing-left-small:1.92%;\"><div class=\"fusion-column-wrapper fusion-column-has-shadow fusion-flex-justify-content-flex-start fusion-content-layout-column\"><div class=\"fusion-image-element \" style=\"text-align:center;--awb-caption-title-font-family:var(--h2_typography-font-family);--awb-caption-title-font-weight:var(--h2_typography-font-weight);--awb-caption-title-font-style:var(--h2_typography-font-style);--awb-caption-title-size:var(--h2_typography-font-size);--awb-caption-title-transform:var(--h2_typography-text-transform);--awb-caption-title-line-height:var(--h2_typography-line-height);--awb-caption-title-letter-spacing:var(--h2_typography-letter-spacing);\"><span class=\" fusion-imageframe imageframe-none imageframe-3 hover-type-none\" class=\"image-magnify\" class=\"image-scroll\"><img decoding=\"async\" width=\"566\" height=\"800\" alt=\"ISO 13485\" title=\"IS\u0327IK-PLASTI\u0307K-ISO-13485-ENG-CAS\" src=\"https:\/\/www.isikplastic.com\/wp-content\/uploads\/2023\/05\/ISIK-PLASTIK-ISO-13485-ENG-CAS.jpg\" class=\"img-responsive wp-image-112\" srcset=\"https:\/\/www.isikplastic.com\/wp-content\/uploads\/2023\/05\/ISIK-PLASTIK-ISO-13485-ENG-CAS-200x283.jpg 200w, https:\/\/www.isikplastic.com\/wp-content\/uploads\/2023\/05\/ISIK-PLASTIK-ISO-13485-ENG-CAS-400x565.jpg 400w, https:\/\/www.isikplastic.com\/wp-content\/uploads\/2023\/05\/ISIK-PLASTIK-ISO-13485-ENG-CAS.jpg 566w\" sizes=\"(max-width: 1024px) 100vw, (max-width: 850px) 100vw, 400px\" \/><\/span><\/div><\/div><\/div><div class=\"fusion-layout-column fusion_builder_column fusion-builder-column-7 fusion_builder_column_1_1 1_1 fusion-flex-column\" style=\"--awb-bg-size:cover;--awb-width-large:100%;--awb-margin-top-large:0px;--awb-spacing-right-large:1.92%;--awb-margin-bottom-large:20px;--awb-spacing-left-large:1.92%;--awb-width-medium:100%;--awb-order-medium:0;--awb-spacing-right-medium:1.92%;--awb-spacing-left-medium:1.92%;--awb-width-small:100%;--awb-order-small:0;--awb-spacing-right-small:1.92%;--awb-spacing-left-small:1.92%;\"><div class=\"fusion-column-wrapper fusion-column-has-shadow fusion-flex-justify-content-flex-start fusion-content-layout-column\"><div class=\"fusion-image-element \" style=\"--awb-caption-title-font-family:var(--h2_typography-font-family);--awb-caption-title-font-weight:var(--h2_typography-font-weight);--awb-caption-title-font-style:var(--h2_typography-font-style);--awb-caption-title-size:var(--h2_typography-font-size);--awb-caption-title-transform:var(--h2_typography-text-transform);--awb-caption-title-line-height:var(--h2_typography-line-height);--awb-caption-title-letter-spacing:var(--h2_typography-letter-spacing);\"><span class=\" fusion-imageframe imageframe-none imageframe-4 hover-type-none\" class=\"image-magnify\" class=\"image-scroll\"><img decoding=\"async\" width=\"1179\" height=\"406\" alt=\"I\u015f\u0131k Plastik ISO Belgeleri\" title=\"isik-plastik-iso-belgeleri\" src=\"https:\/\/www.isikplastic.com\/wp-content\/uploads\/2023\/05\/isik-plastik-iso-belgeleri.jpg\" class=\"img-responsive wp-image-90\" srcset=\"https:\/\/www.isikplastic.com\/wp-content\/uploads\/2023\/05\/isik-plastik-iso-belgeleri-200x69.jpg 200w, https:\/\/www.isikplastic.com\/wp-content\/uploads\/2023\/05\/isik-plastik-iso-belgeleri-400x138.jpg 400w, https:\/\/www.isikplastic.com\/wp-content\/uploads\/2023\/05\/isik-plastik-iso-belgeleri-600x207.jpg 600w, https:\/\/www.isikplastic.com\/wp-content\/uploads\/2023\/05\/isik-plastik-iso-belgeleri-800x275.jpg 800w, https:\/\/www.isikplastic.com\/wp-content\/uploads\/2023\/05\/isik-plastik-iso-belgeleri.jpg 1179w\" sizes=\"(max-width: 1024px) 100vw, (max-width: 850px) 100vw, 1179px\" \/><\/span><\/div><\/div><\/div><\/div><\/div><\/p>\n","protected":false},"excerpt":{"rendered":"","protected":false},"author":1,"featured_media":0,"parent":0,"menu_order":0,"comment_status":"closed","ping_status":"closed","template":"100-width.php","meta":{"footnotes":""},"class_list":["post-72","page","type-page","status-publish","hentry"],"yoast_head":"<!-- This site is optimized with the Yoast SEO plugin v20.6 - https:\/\/yoast.com\/wordpress\/plugins\/seo\/ -->\n<title>Kalite Politikam\u0131z - I\u015f\u0131k Plastik<\/title>\n<meta name=\"description\" content=\"I\u015f\u0131k Plastik Kalite Politikas\u0131, insan sa\u011fl\u0131\u011f\u0131na, hijyen ve kaliteye \u00f6zen g\u00f6stererek ila\u00e7 yan sanayiye hizmet vermenin bilinci ile \u00fcretiyoruz.\" \/>\n<meta name=\"robots\" content=\"index, follow, max-snippet:-1, max-image-preview:large, max-video-preview:-1\" \/>\n<link rel=\"canonical\" href=\"https:\/\/www.isikplastic.com\/tr\/kalite-politikamiz\/\" \/>\n<meta property=\"og:locale\" content=\"tr_TR\" \/>\n<meta property=\"og:type\" content=\"article\" \/>\n<meta property=\"og:title\" content=\"Kalite Politikam\u0131z - I\u015f\u0131k Plastik\" \/>\n<meta property=\"og:description\" content=\"I\u015f\u0131k Plastik Kalite Politikas\u0131, insan sa\u011fl\u0131\u011f\u0131na, hijyen ve kaliteye \u00f6zen g\u00f6stererek ila\u00e7 yan sanayiye hizmet vermenin bilinci ile \u00fcretiyoruz.\" \/>\n<meta property=\"og:url\" content=\"https:\/\/www.isikplastic.com\/tr\/kalite-politikamiz\/\" \/>\n<meta property=\"og:site_name\" content=\"I\u015f\u0131k Plastik\" \/>\n<meta property=\"article:modified_time\" content=\"2023-05-03T09:32:52+00:00\" \/>\n<meta name=\"twitter:card\" content=\"summary_large_image\" \/>\n<meta name=\"twitter:label1\" content=\"Tahmini okuma s\u00fcresi\" \/>\n\t<meta name=\"twitter:data1\" content=\"9 dakika\" \/>\n<script type=\"application\/ld+json\" class=\"yoast-schema-graph\">{\"@context\":\"https:\/\/schema.org\",\"@graph\":[{\"@type\":\"WebPage\",\"@id\":\"https:\/\/www.isikplastic.com\/tr\/kalite-politikamiz\/\",\"url\":\"https:\/\/www.isikplastic.com\/tr\/kalite-politikamiz\/\",\"name\":\"Kalite Politikam\u0131z - I\u015f\u0131k Plastik\",\"isPartOf\":{\"@id\":\"https:\/\/www.isikplastic.com\/#website\"},\"datePublished\":\"2023-05-03T06:41:49+00:00\",\"dateModified\":\"2023-05-03T09:32:52+00:00\",\"description\":\"I\u015f\u0131k Plastik Kalite Politikas\u0131, insan sa\u011fl\u0131\u011f\u0131na, hijyen ve kaliteye \u00f6zen g\u00f6stererek ila\u00e7 yan sanayiye hizmet vermenin bilinci ile \u00fcretiyoruz.\",\"breadcrumb\":{\"@id\":\"https:\/\/www.isikplastic.com\/tr\/kalite-politikamiz\/#breadcrumb\"},\"inLanguage\":\"tr\",\"potentialAction\":[{\"@type\":\"ReadAction\",\"target\":[\"https:\/\/www.isikplastic.com\/tr\/kalite-politikamiz\/\"]}]},{\"@type\":\"BreadcrumbList\",\"@id\":\"https:\/\/www.isikplastic.com\/tr\/kalite-politikamiz\/#breadcrumb\",\"itemListElement\":[{\"@type\":\"ListItem\",\"position\":1,\"name\":\"Home\",\"item\":\"https:\/\/www.isikplastic.com\/tr\/\"},{\"@type\":\"ListItem\",\"position\":2,\"name\":\"Kalite Politikam\u0131z\"}]},{\"@type\":\"WebSite\",\"@id\":\"https:\/\/www.isikplastic.com\/#website\",\"url\":\"https:\/\/www.isikplastic.com\/\",\"name\":\"I\u015f\u0131k Plastik\",\"description\":\"Hijyenik Plastik \u00dcr\u00fcnleri\",\"potentialAction\":[{\"@type\":\"SearchAction\",\"target\":{\"@type\":\"EntryPoint\",\"urlTemplate\":\"https:\/\/www.isikplastic.com\/?s={search_term_string}\"},\"query-input\":\"required name=search_term_string\"}],\"inLanguage\":\"tr\"}]}<\/script>\n<!-- \/ Yoast SEO plugin. -->","yoast_head_json":{"title":"Kalite Politikam\u0131z - I\u015f\u0131k Plastik","description":"I\u015f\u0131k Plastik Kalite Politikas\u0131, insan sa\u011fl\u0131\u011f\u0131na, hijyen ve kaliteye \u00f6zen g\u00f6stererek ila\u00e7 yan sanayiye hizmet vermenin bilinci ile \u00fcretiyoruz.","robots":{"index":"index","follow":"follow","max-snippet":"max-snippet:-1","max-image-preview":"max-image-preview:large","max-video-preview":"max-video-preview:-1"},"canonical":"https:\/\/www.isikplastic.com\/tr\/kalite-politikamiz\/","og_locale":"tr_TR","og_type":"article","og_title":"Kalite Politikam\u0131z - I\u015f\u0131k Plastik","og_description":"I\u015f\u0131k Plastik Kalite Politikas\u0131, insan sa\u011fl\u0131\u011f\u0131na, hijyen ve kaliteye \u00f6zen g\u00f6stererek ila\u00e7 yan sanayiye hizmet vermenin bilinci ile \u00fcretiyoruz.","og_url":"https:\/\/www.isikplastic.com\/tr\/kalite-politikamiz\/","og_site_name":"I\u015f\u0131k Plastik","article_modified_time":"2023-05-03T09:32:52+00:00","twitter_card":"summary_large_image","twitter_misc":{"Tahmini okuma s\u00fcresi":"9 dakika"},"schema":{"@context":"https:\/\/schema.org","@graph":[{"@type":"WebPage","@id":"https:\/\/www.isikplastic.com\/tr\/kalite-politikamiz\/","url":"https:\/\/www.isikplastic.com\/tr\/kalite-politikamiz\/","name":"Kalite Politikam\u0131z - I\u015f\u0131k Plastik","isPartOf":{"@id":"https:\/\/www.isikplastic.com\/#website"},"datePublished":"2023-05-03T06:41:49+00:00","dateModified":"2023-05-03T09:32:52+00:00","description":"I\u015f\u0131k Plastik Kalite Politikas\u0131, insan sa\u011fl\u0131\u011f\u0131na, hijyen ve kaliteye \u00f6zen g\u00f6stererek ila\u00e7 yan sanayiye hizmet vermenin bilinci ile \u00fcretiyoruz.","breadcrumb":{"@id":"https:\/\/www.isikplastic.com\/tr\/kalite-politikamiz\/#breadcrumb"},"inLanguage":"tr","potentialAction":[{"@type":"ReadAction","target":["https:\/\/www.isikplastic.com\/tr\/kalite-politikamiz\/"]}]},{"@type":"BreadcrumbList","@id":"https:\/\/www.isikplastic.com\/tr\/kalite-politikamiz\/#breadcrumb","itemListElement":[{"@type":"ListItem","position":1,"name":"Home","item":"https:\/\/www.isikplastic.com\/tr\/"},{"@type":"ListItem","position":2,"name":"Kalite Politikam\u0131z"}]},{"@type":"WebSite","@id":"https:\/\/www.isikplastic.com\/#website","url":"https:\/\/www.isikplastic.com\/","name":"I\u015f\u0131k Plastik","description":"Hijyenik Plastik \u00dcr\u00fcnleri","potentialAction":[{"@type":"SearchAction","target":{"@type":"EntryPoint","urlTemplate":"https:\/\/www.isikplastic.com\/?s={search_term_string}"},"query-input":"required name=search_term_string"}],"inLanguage":"tr"}]}},"_links":{"self":[{"href":"https:\/\/www.isikplastic.com\/tr\/wp-json\/wp\/v2\/pages\/72","targetHints":{"allow":["GET"]}}],"collection":[{"href":"https:\/\/www.isikplastic.com\/tr\/wp-json\/wp\/v2\/pages"}],"about":[{"href":"https:\/\/www.isikplastic.com\/tr\/wp-json\/wp\/v2\/types\/page"}],"author":[{"embeddable":true,"href":"https:\/\/www.isikplastic.com\/tr\/wp-json\/wp\/v2\/users\/1"}],"replies":[{"embeddable":true,"href":"https:\/\/www.isikplastic.com\/tr\/wp-json\/wp\/v2\/comments?post=72"}],"version-history":[{"count":4,"href":"https:\/\/www.isikplastic.com\/tr\/wp-json\/wp\/v2\/pages\/72\/revisions"}],"predecessor-version":[{"id":181,"href":"https:\/\/www.isikplastic.com\/tr\/wp-json\/wp\/v2\/pages\/72\/revisions\/181"}],"wp:attachment":[{"href":"https:\/\/www.isikplastic.com\/tr\/wp-json\/wp\/v2\/media?parent=72"}],"curies":[{"name":"wp","href":"https:\/\/api.w.org\/{rel}","templated":true}]}}