{"id":68,"date":"2023-05-03T09:38:39","date_gmt":"2023-05-03T06:38:39","guid":{"rendered":"https:\/\/www.isikplastic.com\/?page_id=68"},"modified":"2023-05-03T12:31:23","modified_gmt":"2023-05-03T09:31:23","slug":"iletisim","status":"publish","type":"page","link":"https:\/\/www.isikplastic.com\/tr\/iletisim\/","title":{"rendered":"\u0130leti\u015fim"},"content":{"rendered":"<p><div class=\"fusion-fullwidth fullwidth-box fusion-builder-row-1 fusion-flex-container has-pattern-background has-mask-background fusion-parallax-none hundred-percent-fullwidth non-hundred-percent-height-scrolling\" style=\"--awb-border-radius-top-left:0px;--awb-border-radius-top-right:0px;--awb-border-radius-bottom-right:0px;--awb-border-radius-bottom-left:0px;--awb-min-height:400px;--awb-background-image:url(&quot;https:\/\/www.isikplastic.com\/wp-content\/uploads\/2023\/05\/iletisim-banner.jpg&quot;);--awb-background-size:cover;\" ><div class=\"fusion-builder-row fusion-row fusion-flex-align-items-stretch fusion-flex-align-content-space-evenly fusion-flex-justify-content-space-evenly\" style=\"width:104% !important;max-width:104% !important;margin-left: calc(-4% \/ 2 );margin-right: calc(-4% \/ 2 );\"><div class=\"fusion-layout-column fusion_builder_column fusion-builder-column-0 fusion_builder_column_1_1 1_1 fusion-flex-column\" style=\"--awb-bg-size:cover;--awb-width-large:100%;--awb-margin-top-large:0px;--awb-spacing-right-large:1.92%;--awb-margin-bottom-large:20px;--awb-spacing-left-large:1.92%;--awb-width-medium:100%;--awb-order-medium:0;--awb-spacing-right-medium:1.92%;--awb-spacing-left-medium:1.92%;--awb-width-small:100%;--awb-order-small:0;--awb-spacing-right-small:1.92%;--awb-spacing-left-small:1.92%;\"><div class=\"fusion-column-wrapper fusion-column-has-shadow fusion-flex-justify-content-flex-start fusion-content-layout-column\"><div class=\"fusion-title title fusion-title-1 fusion-title-center fusion-title-text fusion-title-size-one\" style=\"--awb-text-color:var(--awb-color1);\"><div class=\"title-sep-container title-sep-container-left\"><div class=\"title-sep sep- sep-solid\" style=\"border-color:#e0dede;\"><\/div><\/div><span class=\"awb-title-spacer\"><\/span><h1 class=\"title-heading-center\" style=\"margin:0;\">\u0130LET\u0130\u015e\u0130M<\/h1><span class=\"awb-title-spacer\"><\/span><div class=\"title-sep-container title-sep-container-right\"><div class=\"title-sep sep- sep-solid\" style=\"border-color:#e0dede;\"><\/div><\/div><\/div><div class=\"fusion-separator\" style=\"align-self: center;margin-left: auto;margin-right: auto;margin-top:10px;margin-bottom:30px;width:100%;max-width:20%;\"><div class=\"fusion-separator-border sep-single sep-solid\" style=\"--awb-height:20px;--awb-amount:20px;border-color:#e0dede;border-top-width:1px;\"><\/div><\/div><\/div><\/div><\/div><\/div><div class=\"fusion-fullwidth fullwidth-box fusion-builder-row-2 fusion-flex-container nonhundred-percent-fullwidth non-hundred-percent-height-scrolling\" style=\"--awb-background-position:left top;--awb-border-sizes-top:0px;--awb-border-sizes-bottom:0px;--awb-border-sizes-left:0px;--awb-border-sizes-right:0px;--awb-border-radius-top-left:0px;--awb-border-radius-top-right:0px;--awb-border-radius-bottom-right:0px;--awb-border-radius-bottom-left:0px;--awb-padding-top:110px;--awb-padding-bottom:100px;--awb-padding-top-medium:60px;--awb-padding-bottom-medium:48px;\" ><div class=\"fusion-builder-row fusion-row fusion-flex-align-items-flex-start\" style=\"max-width:calc( 1170px + 0px );margin-left: calc(-0px \/ 2 );margin-right: calc(-0px \/ 2 );\"><div class=\"fusion-layout-column fusion_builder_column fusion-builder-column-1 fusion_builder_column_1_1 1_1 fusion-flex-column fusion-flex-align-self-flex-start fusion-column-no-min-height\" style=\"--awb-bg-size:cover;--awb-width-large:100%;--awb-margin-top-large:0px;--awb-spacing-right-large:0px;--awb-margin-bottom-large:0px;--awb-spacing-left-large:0px;--awb-width-medium:100%;--awb-spacing-right-medium:0px;--awb-spacing-left-medium:0px;--awb-width-small:100%;--awb-spacing-right-small:0px;--awb-spacing-left-small:0px;\"><div class=\"fusion-column-wrapper fusion-flex-justify-content-flex-start fusion-content-layout-column\"><div class=\"fusion-separator fusion-full-width-sep\" style=\"align-self: center;margin-left: auto;margin-right: auto;width:100%;\"><div class=\"fusion-separator-border sep-single sep-solid\" style=\"--awb-height:20px;--awb-amount:20px;--awb-sep-color:#17377a;border-color:#17377a;border-top-width:5px;\"><\/div><\/div><\/div><\/div><div class=\"fusion-layout-column fusion_builder_column fusion-builder-column-2 fusion_builder_column_1_1 1_1 fusion-flex-column green-border rounded-border\" style=\"--awb-padding-top:55px;--awb-padding-right:60px;--awb-padding-bottom:20px;--awb-padding-left:60px;--awb-bg-color:#ffffff;--awb-bg-color-hover:#ffffff;--awb-bg-size:cover;--awb-border-color:#e2e2e2;--awb-border-top:1px;--awb-border-right:1px;--awb-border-bottom:1px;--awb-border-left:1px;--awb-border-style:solid;--awb-width-large:100%;--awb-margin-top-large:0px;--awb-spacing-right-large:0px;--awb-margin-bottom-large:20px;--awb-spacing-left-large:0px;--awb-width-medium:100%;--awb-spacing-right-medium:0px;--awb-spacing-left-medium:0px;--awb-width-small:100%;--awb-spacing-right-small:0px;--awb-spacing-left-small:0px;\"><div class=\"fusion-column-wrapper fusion-flex-justify-content-center fusion-content-layout-column\"><div class=\"fusion-content-boxes content-boxes columns row fusion-columns-4 fusion-columns-total-4 fusion-content-boxes-1 content-boxes-icon-on-top content-left\" style=\"--awb-margin-bottom:0px;--awb-hover-accent-color:#549f97;--awb-circle-hover-accent-color:transparent;\" data-animationOffset=\"top-into-view\"><div style=\"--awb-backgroundcolor:transparent;--awb-iconcolor:#17377a;\" class=\"fusion-column content-box-column content-box-column content-box-column-1 col-lg-3 col-md-3 col-sm-3 fusion-content-box-hover content-box-column-first-in-row\"><div class=\"col content-box-wrapper content-wrapper link-area-box icon-hover-animation-slide\" data-animationOffset=\"top-into-view\"><div class=\"heading heading-with-icon icon-left\"><div class=\"icon\"><i style=\"background-color:transparent;border-color:transparent;height:auto;width: 44px;line-height:normal;font-size:44px;\" aria-hidden=\"true\" class=\"fontawesome-icon fa-home fas circle-no\"><\/i><\/div><h2 class=\"content-box-heading\" style=\"--h2_typography-font-size:18px;line-height:23px;\">Adresimiz<\/h2><\/div><div class=\"fusion-clearfix\"><\/div><div class=\"content-container\">\n<p style=\"text-align: center;\">Maltepe Mahallesi Y\u0131lanl\u0131 Ayazma Yolu Y\u0131ld\u0131z Sanayi Sitesi No:18\/1B09 Zeytinburnu \u2013 \u0130STANBUL<\/p>\n<\/div><\/div><\/div><div style=\"--awb-backgroundcolor:transparent;--awb-iconcolor:#17377a;\" class=\"fusion-column content-box-column content-box-column content-box-column-2 col-lg-3 col-md-3 col-sm-3 fusion-content-box-hover \"><div class=\"col content-box-wrapper content-wrapper link-area-box icon-hover-animation-slide\" data-animationOffset=\"top-into-view\"><div class=\"heading heading-with-icon icon-left\"><div class=\"icon\"><i style=\"background-color:transparent;border-color:transparent;height:auto;width: 44px;line-height:normal;font-size:44px;\" aria-hidden=\"true\" class=\"fontawesome-icon fa-clock far circle-no\"><\/i><\/div><h2 class=\"content-box-heading\" style=\"--h2_typography-font-size:18px;line-height:23px;\">\u00c7al\u0131\u015fma Saatlerimiz<\/h2><\/div><div class=\"fusion-clearfix\"><\/div><div class=\"content-container\">\n<p style=\"text-align: center;\">Hafta i\u00e7i: 08:00 &#8211; 18:00<\/p>\n<\/div><\/div><\/div><div style=\"--awb-backgroundcolor:transparent;--awb-iconcolor:#17377a;\" class=\"fusion-column content-box-column content-box-column content-box-column-3 col-lg-3 col-md-3 col-sm-3 fusion-content-box-hover \"><div class=\"col content-box-wrapper content-wrapper link-area-box icon-hover-animation-slide\" data-animationOffset=\"top-into-view\"><div class=\"heading heading-with-icon icon-left\"><div class=\"icon\"><i style=\"background-color:transparent;border-color:transparent;height:auto;width: 44px;line-height:normal;font-size:44px;\" aria-hidden=\"true\" class=\"fontawesome-icon fa-phone fas circle-no\"><\/i><\/div><h2 class=\"content-box-heading\" style=\"--h2_typography-font-size:18px;line-height:23px;\">Telefon Numaralar\u0131m\u0131z<\/h2><\/div><div class=\"fusion-clearfix\"><\/div><div class=\"content-container\">\n<p style=\"text-align: center;\">Telefon: +90 212 482 09 21<\/p>\n<\/div><\/div><\/div><div style=\"--awb-backgroundcolor:transparent;--awb-iconcolor:#17377a;\" class=\"fusion-column content-box-column content-box-column content-box-column-4 col-lg-3 col-md-3 col-sm-3 fusion-content-box-hover content-box-column-last content-box-column-last-in-row\"><div class=\"col content-box-wrapper content-wrapper link-area-box icon-hover-animation-slide\" data-animationOffset=\"top-into-view\"><div class=\"heading heading-with-icon icon-left\"><div class=\"icon\"><i style=\"background-color:transparent;border-color:transparent;height:auto;width: 44px;line-height:normal;font-size:44px;\" aria-hidden=\"true\" class=\"fontawesome-icon fa-envelope far circle-no\"><\/i><\/div><h2 class=\"content-box-heading\" style=\"--h2_typography-font-size:18px;line-height:23px;\">Eposta Adresimiz<\/h2><\/div><div class=\"fusion-clearfix\"><\/div><div class=\"content-container\">\n<p style=\"text-align: center;\">info@isikplastic.com uretim@isikplastic.com satis@isikplastic.com<\/p>\n<\/div><\/div><\/div><div class=\"fusion-clearfix\"><\/div><\/div><div class=\"fusion-separator fusion-full-width-sep\" style=\"align-self: center;margin-left: auto;margin-right: auto;margin-top:40px;width:100%;\"><\/div><iframe src=\"https:\/\/www.google.com\/maps\/embed?pb=!1m14!1m8!1m3!1d24082.557627495793!2d28.903924000000004!3d41.018261!3m2!1i1024!2i768!4f13.1!3m3!1m2!1s0x0%3A0xf21a7bb950f3bdea!2zScWfxLFrIFBsYXN0aWsgdmUgT3JnLlNhbi5BLsWeLg!5e0!3m2!1str!2str!4v1619594978680!5m2!1str!2str\" width=\"100%\" height=\"450\" style=\"border:0;\" allowfullscreen=\"\" loading=\"lazy\"><\/iframe><\/div><\/div><\/div><\/div><\/p>\n","protected":false},"excerpt":{"rendered":"","protected":false},"author":1,"featured_media":0,"parent":0,"menu_order":0,"comment_status":"closed","ping_status":"closed","template":"100-width.php","meta":{"footnotes":""},"class_list":["post-68","page","type-page","status-publish","hentry"],"yoast_head":"<!-- This site is optimized with the Yoast SEO plugin v20.6 - https:\/\/yoast.com\/wordpress\/plugins\/seo\/ -->\n<title>\u0130leti\u015fim - I\u015f\u0131k Plastik<\/title>\n<meta name=\"description\" content=\"\u00dcr\u00fcn portf\u00f6y\u00fcm\u00fcz ve i\u015fletmemiz hakk\u0131nda bilgi edinmek i\u00e7in bizimle ileti\u015fime ge\u00e7in! I\u015f\u0131k Plastik \u0130leti\u015fim 0212 482 0921 | info@kasiskimya.com\" \/>\n<meta name=\"robots\" content=\"index, follow, max-snippet:-1, max-image-preview:large, max-video-preview:-1\" \/>\n<link rel=\"canonical\" href=\"https:\/\/www.isikplastic.com\/tr\/iletisim\/\" \/>\n<meta property=\"og:locale\" content=\"tr_TR\" \/>\n<meta property=\"og:type\" content=\"article\" \/>\n<meta property=\"og:title\" content=\"\u0130leti\u015fim - I\u015f\u0131k Plastik\" \/>\n<meta property=\"og:description\" content=\"\u00dcr\u00fcn portf\u00f6y\u00fcm\u00fcz ve i\u015fletmemiz hakk\u0131nda bilgi edinmek i\u00e7in bizimle ileti\u015fime ge\u00e7in! I\u015f\u0131k Plastik \u0130leti\u015fim 0212 482 0921 | info@kasiskimya.com\" \/>\n<meta property=\"og:url\" content=\"https:\/\/www.isikplastic.com\/tr\/iletisim\/\" \/>\n<meta property=\"og:site_name\" content=\"I\u015f\u0131k Plastik\" \/>\n<meta property=\"article:modified_time\" content=\"2023-05-03T09:31:23+00:00\" \/>\n<meta name=\"twitter:card\" content=\"summary_large_image\" \/>\n<meta name=\"twitter:label1\" content=\"Tahmini okuma s\u00fcresi\" \/>\n\t<meta name=\"twitter:data1\" content=\"4 dakika\" \/>\n<script type=\"application\/ld+json\" class=\"yoast-schema-graph\">{\"@context\":\"https:\/\/schema.org\",\"@graph\":[{\"@type\":\"WebPage\",\"@id\":\"https:\/\/www.isikplastic.com\/tr\/iletisim\/\",\"url\":\"https:\/\/www.isikplastic.com\/tr\/iletisim\/\",\"name\":\"\u0130leti\u015fim - I\u015f\u0131k Plastik\",\"isPartOf\":{\"@id\":\"https:\/\/www.isikplastic.com\/#website\"},\"datePublished\":\"2023-05-03T06:38:39+00:00\",\"dateModified\":\"2023-05-03T09:31:23+00:00\",\"description\":\"\u00dcr\u00fcn portf\u00f6y\u00fcm\u00fcz ve i\u015fletmemiz hakk\u0131nda bilgi edinmek i\u00e7in bizimle ileti\u015fime ge\u00e7in! I\u015f\u0131k Plastik \u0130leti\u015fim 0212 482 0921 | info@kasiskimya.com\",\"breadcrumb\":{\"@id\":\"https:\/\/www.isikplastic.com\/tr\/iletisim\/#breadcrumb\"},\"inLanguage\":\"tr\",\"potentialAction\":[{\"@type\":\"ReadAction\",\"target\":[\"https:\/\/www.isikplastic.com\/tr\/iletisim\/\"]}]},{\"@type\":\"BreadcrumbList\",\"@id\":\"https:\/\/www.isikplastic.com\/tr\/iletisim\/#breadcrumb\",\"itemListElement\":[{\"@type\":\"ListItem\",\"position\":1,\"name\":\"Home\",\"item\":\"https:\/\/www.isikplastic.com\/tr\/\"},{\"@type\":\"ListItem\",\"position\":2,\"name\":\"\u0130leti\u015fim\"}]},{\"@type\":\"WebSite\",\"@id\":\"https:\/\/www.isikplastic.com\/#website\",\"url\":\"https:\/\/www.isikplastic.com\/\",\"name\":\"I\u015f\u0131k Plastik\",\"description\":\"Hijyenik Plastik \u00dcr\u00fcnleri\",\"potentialAction\":[{\"@type\":\"SearchAction\",\"target\":{\"@type\":\"EntryPoint\",\"urlTemplate\":\"https:\/\/www.isikplastic.com\/?s={search_term_string}\"},\"query-input\":\"required name=search_term_string\"}],\"inLanguage\":\"tr\"}]}<\/script>\n<!-- \/ Yoast SEO plugin. -->","yoast_head_json":{"title":"\u0130leti\u015fim - I\u015f\u0131k Plastik","description":"\u00dcr\u00fcn portf\u00f6y\u00fcm\u00fcz ve i\u015fletmemiz hakk\u0131nda bilgi edinmek i\u00e7in bizimle ileti\u015fime ge\u00e7in! I\u015f\u0131k Plastik \u0130leti\u015fim 0212 482 0921 | info@kasiskimya.com","robots":{"index":"index","follow":"follow","max-snippet":"max-snippet:-1","max-image-preview":"max-image-preview:large","max-video-preview":"max-video-preview:-1"},"canonical":"https:\/\/www.isikplastic.com\/tr\/iletisim\/","og_locale":"tr_TR","og_type":"article","og_title":"\u0130leti\u015fim - I\u015f\u0131k Plastik","og_description":"\u00dcr\u00fcn portf\u00f6y\u00fcm\u00fcz ve i\u015fletmemiz hakk\u0131nda bilgi edinmek i\u00e7in bizimle ileti\u015fime ge\u00e7in! I\u015f\u0131k Plastik \u0130leti\u015fim 0212 482 0921 | info@kasiskimya.com","og_url":"https:\/\/www.isikplastic.com\/tr\/iletisim\/","og_site_name":"I\u015f\u0131k Plastik","article_modified_time":"2023-05-03T09:31:23+00:00","twitter_card":"summary_large_image","twitter_misc":{"Tahmini okuma s\u00fcresi":"4 dakika"},"schema":{"@context":"https:\/\/schema.org","@graph":[{"@type":"WebPage","@id":"https:\/\/www.isikplastic.com\/tr\/iletisim\/","url":"https:\/\/www.isikplastic.com\/tr\/iletisim\/","name":"\u0130leti\u015fim - I\u015f\u0131k Plastik","isPartOf":{"@id":"https:\/\/www.isikplastic.com\/#website"},"datePublished":"2023-05-03T06:38:39+00:00","dateModified":"2023-05-03T09:31:23+00:00","description":"\u00dcr\u00fcn portf\u00f6y\u00fcm\u00fcz ve i\u015fletmemiz hakk\u0131nda bilgi edinmek i\u00e7in bizimle ileti\u015fime ge\u00e7in! I\u015f\u0131k Plastik \u0130leti\u015fim 0212 482 0921 | info@kasiskimya.com","breadcrumb":{"@id":"https:\/\/www.isikplastic.com\/tr\/iletisim\/#breadcrumb"},"inLanguage":"tr","potentialAction":[{"@type":"ReadAction","target":["https:\/\/www.isikplastic.com\/tr\/iletisim\/"]}]},{"@type":"BreadcrumbList","@id":"https:\/\/www.isikplastic.com\/tr\/iletisim\/#breadcrumb","itemListElement":[{"@type":"ListItem","position":1,"name":"Home","item":"https:\/\/www.isikplastic.com\/tr\/"},{"@type":"ListItem","position":2,"name":"\u0130leti\u015fim"}]},{"@type":"WebSite","@id":"https:\/\/www.isikplastic.com\/#website","url":"https:\/\/www.isikplastic.com\/","name":"I\u015f\u0131k Plastik","description":"Hijyenik Plastik \u00dcr\u00fcnleri","potentialAction":[{"@type":"SearchAction","target":{"@type":"EntryPoint","urlTemplate":"https:\/\/www.isikplastic.com\/?s={search_term_string}"},"query-input":"required name=search_term_string"}],"inLanguage":"tr"}]}},"_links":{"self":[{"href":"https:\/\/www.isikplastic.com\/tr\/wp-json\/wp\/v2\/pages\/68","targetHints":{"allow":["GET"]}}],"collection":[{"href":"https:\/\/www.isikplastic.com\/tr\/wp-json\/wp\/v2\/pages"}],"about":[{"href":"https:\/\/www.isikplastic.com\/tr\/wp-json\/wp\/v2\/types\/page"}],"author":[{"embeddable":true,"href":"https:\/\/www.isikplastic.com\/tr\/wp-json\/wp\/v2\/users\/1"}],"replies":[{"embeddable":true,"href":"https:\/\/www.isikplastic.com\/tr\/wp-json\/wp\/v2\/comments?post=68"}],"version-history":[{"count":4,"href":"https:\/\/www.isikplastic.com\/tr\/wp-json\/wp\/v2\/pages\/68\/revisions"}],"predecessor-version":[{"id":170,"href":"https:\/\/www.isikplastic.com\/tr\/wp-json\/wp\/v2\/pages\/68\/revisions\/170"}],"wp:attachment":[{"href":"https:\/\/www.isikplastic.com\/tr\/wp-json\/wp\/v2\/media?parent=68"}],"curies":[{"name":"wp","href":"https:\/\/api.w.org\/{rel}","templated":true}]}}